{"id":1061,"date":"2019-07-16T18:29:58","date_gmt":"2019-07-16T16:29:58","guid":{"rendered":"http:\/\/www.teleland.pl\/?page_id=1061"},"modified":"2020-10-26T22:49:54","modified_gmt":"2020-10-26T21:49:54","slug":"gwarancja-sklep","status":"publish","type":"page","link":"https:\/\/www.teleland.pl\/index.php\/gwarancja-sklep\/","title":{"rendered":"gwarancja sklep"},"content":{"rendered":"\t\t<div data-elementor-type=\"wp-post\" data-elementor-id=\"1061\" class=\"elementor elementor-1061\">\n\t\t\t\t\t\t<div class=\"elementor-inner\">\n\t\t\t\t<div class=\"elementor-section-wrap\">\n\t\t\t\t\t\t\t\t\t<section class=\"elementor-section elementor-top-section elementor-element elementor-element-16502af elementor-section-boxed elementor-section-height-default elementor-section-height-default\" data-id=\"16502af\" data-element_type=\"section\">\n\t\t\t\t\t\t<div class=\"elementor-container elementor-column-gap-default\">\n\t\t\t\t\t\t\t<div class=\"elementor-row\">\n\t\t\t\t\t<div class=\"elementor-column elementor-col-100 elementor-top-column elementor-element elementor-element-b90d3e8\" data-id=\"b90d3e8\" data-element_type=\"column\">\n\t\t\t<div class=\"elementor-column-wrap elementor-element-populated\">\n\t\t\t\t\t\t\t<div class=\"elementor-widget-wrap\">\n\t\t\t\t\t\t<div class=\"elementor-element elementor-element-da453ce elementor-widget elementor-widget-heading\" data-id=\"da453ce\" data-element_type=\"widget\" data-widget_type=\"heading.default\">\n\t\t\t\t<div class=\"elementor-widget-container\">\n\t\t\t<h2 class=\"elementor-heading-title elementor-size-default\">Warunki gwarancyjne - sklep<\/h2>\t\t<\/div>\n\t\t\t\t<\/div>\n\t\t\t\t<section class=\"elementor-section elementor-inner-section elementor-element elementor-element-e6775ed elementor-section-boxed elementor-section-height-default elementor-section-height-default\" data-id=\"e6775ed\" data-element_type=\"section\">\n\t\t\t\t\t\t<div class=\"elementor-container elementor-column-gap-default\">\n\t\t\t\t\t\t\t<div class=\"elementor-row\">\n\t\t\t\t\t<div class=\"elementor-column elementor-col-25 elementor-inner-column elementor-element elementor-element-c35c4ba\" data-id=\"c35c4ba\" data-element_type=\"column\">\n\t\t\t<div class=\"elementor-column-wrap\">\n\t\t\t\t\t\t\t<div class=\"elementor-widget-wrap\">\n\t\t\t\t\t\t\t\t<\/div>\n\t\t\t\t\t<\/div>\n\t\t<\/div>\n\t\t\t\t<div class=\"elementor-column elementor-col-50 elementor-inner-column elementor-element elementor-element-5c0b10f\" data-id=\"5c0b10f\" data-element_type=\"column\">\n\t\t\t<div class=\"elementor-column-wrap elementor-element-populated\">\n\t\t\t\t\t\t\t<div class=\"elementor-widget-wrap\">\n\t\t\t\t\t\t<div class=\"elementor-element elementor-element-5d8c427 elementor-widget elementor-widget-text-editor\" data-id=\"5d8c427\" data-element_type=\"widget\" data-widget_type=\"text-editor.default\">\n\t\t\t\t<div class=\"elementor-widget-container\">\n\t\t\t\t\t\t\t\t<div class=\"elementor-text-editor elementor-clearfix\">\n\t\t\t\t<p><span style=\"text-decoration: underline;\"><strong>1. Warunki gwarancji<\/strong><\/span><\/p><p>1.1. Sklep teleland udziela gwarancji na telefon u\u017cywany o numerze seryjnym wskazanym w\u00a0karcie gwarancyjnej, na okres wskazany w karcie gwarancyjnej.<\/p><p>1.2. Ujawnione w tym okresie wady b\u0119d\u0105 usuwane bezp\u0142atnie, w mo\u017cliwie najszybszym\u00a0terminie przez firm\u0119 teleland.<\/p><p>1.3. Gwarancj\u0105 nie s\u0105 obj\u0119te<\/p><ul><li>bateria, akcesoria (\u0142adowarka, kabel USB, s\u0142uchawki),<\/li><li>usterki wynik\u0142e na skutek niew\u0142a\u015bciwego lub niezgodnego z instrukcj\u0105 u\u017cywania,\u00a0przechowywania lub konserwacji sprz\u0119tu,<\/li><li>usterki wynik\u0142e na skutek uszkodzenia mechanicznego np. spowodowane upadkiem,<\/li><li>usterki spowodowane zalaniem\/zawilgoceniem,<\/li><li>usterki spowodowane ingerencj\u0105 poza firm\u0105 teleland, np. naprawa\/przer\u00f3bka\u00a0samodzielna lub w innej firmie,<\/li><li>usterki wynik\u0142e z nieprawid\u0142owej eksploatacji towaru przez u\u017cytkownika.<\/li><\/ul><p>1.4. Uprawnienia z tytu\u0142u udzielonej gwarancji mog\u0105 by\u0107 realizowane wy\u0142\u0105cznie po przedstawieniu przez u\u017cytkownika wa\u017cnej karty gwarancyjnej. Samoistne zmiany wpis\u00f3w\u00a0w karcie gwarancyjnej lub dokonywanie napraw we w\u0142asnym zakresie powoduj\u0105 utrat\u0119 gwarancji.<\/p><p>1.5. Sklep teleland nie ponosi odpowiedzialno\u015bci za utrat\u0119 jakichkolwiek danych u\u017cytkownika produktu w trakcie wykonywania napraw gwarancyjnych. Zaleca si\u0119 wykonanie kopii\u00a0zapasowej przed oddaniem urz\u0105dzenia do naprawy.<\/p><p>1.6. Jakiekolwiek zmiany, wytarcia lub zamazania stron karty gwarancyjnej uniewa\u017cniaj\u0105 gwarancj\u0119.<\/p><p>1.7. U\u017cytkownik zobowi\u0105zany jest do dostarczenia sprz\u0119tu do sklepu teleland niezw\u0142ocznie po wyst\u0105pieniu usterki.<\/p><p><span style=\"text-decoration: underline;\"><strong>2. Przebieg gwarancji<\/strong><\/span><\/p><p>2.1. U\u017cytkownik dostarcza sprz\u0119t do sklepu przy ul. Korkowej 24A lok.11 w Warszawie na w\u0142asny koszt lub po uzgodnieniu \u2013 sprz\u0119t mo\u017ce zosta\u0107 odebrany przez serwisanta.<\/p><p><span style=\"font-size: 16px; font-style: normal;\">2.2. Serwis usunie usterk\u0119 najszybciej jak to jest mo\u017cliwe, w terminie nie przekraczaj\u0105cym 30 dni.<\/span><\/p><p><span style=\"font-size: 16px; font-style: normal;\">2.3. W przypadku braku mo\u017cliwo\u015bci naprawy, sklep zaproponuje wymian\u0119 sprz\u0119tu na inny lub zwrot cz\u0119\u015bci kwoty zakupu lub przyjmie sprz\u0119t z powrotem i zwr\u00f3ci ca\u0142\u0105 kwot\u0119 zakupu.<\/span><\/p>\t\t\t\t\t<\/div>\n\t\t\t\t\t\t<\/div>\n\t\t\t\t<\/div>\n\t\t\t\t\t\t<\/div>\n\t\t\t\t\t<\/div>\n\t\t<\/div>\n\t\t\t\t<div class=\"elementor-column elementor-col-25 elementor-inner-column elementor-element elementor-element-c42f827\" data-id=\"c42f827\" data-element_type=\"column\">\n\t\t\t<div class=\"elementor-column-wrap\">\n\t\t\t\t\t\t\t<div class=\"elementor-widget-wrap\">\n\t\t\t\t\t\t\t\t<\/div>\n\t\t\t\t\t<\/div>\n\t\t<\/div>\n\t\t\t\t\t\t\t\t<\/div>\n\t\t\t\t\t<\/div>\n\t\t<\/section>\n\t\t\t\t\t\t<\/div>\n\t\t\t\t\t<\/div>\n\t\t<\/div>\n\t\t\t\t\t\t\t\t<\/div>\n\t\t\t\t\t<\/div>\n\t\t<\/section>\n\t\t\t\t\t\t\t\t\t<\/div>\n\t\t\t<\/div>\n\t\t\t\t\t<\/div>\n\t\t","protected":false},"excerpt":{"rendered":"<p>Warunki gwarancyjne &#8211; sklep 1. Warunki gwarancji 1.1. Sklep teleland udziela gwarancji na telefon u\u017cywany o numerze seryjnym wskazanym w\u00a0karcie gwarancyjnej, na okres wskazany w karcie gwarancyjnej. 1.2. Ujawnione w tym okresie wady b\u0119d\u0105 usuwane bezp\u0142atnie, w mo\u017cliwie najszybszym\u00a0terminie przez firm\u0119 teleland. 1.3. Gwarancj\u0105 nie s\u0105 obj\u0119te bateria, akcesoria (\u0142adowarka, kabel USB, s\u0142uchawki), usterki wynik\u0142e &hellip;<\/p>\n<p class=\"read-more\"> <a class=\"\" href=\"https:\/\/www.teleland.pl\/index.php\/gwarancja-sklep\/\"> <span class=\"screen-reader-text\">gwarancja sklep<\/span> Read More &raquo;<\/a><\/p>\n","protected":false},"author":1,"featured_media":0,"parent":0,"menu_order":0,"comment_status":"closed","ping_status":"closed","template":"","meta":{"site-sidebar-layout":"no-sidebar","site-content-layout":"page-builder","ast-global-header-display":"","ast-main-header-display":"","ast-hfb-above-header-display":"","ast-hfb-below-header-display":"","ast-hfb-mobile-header-display":"","site-post-title":"disabled","ast-breadcrumbs-content":"","ast-featured-img":"disabled","footer-sml-layout":"","theme-transparent-header-meta":"default","adv-header-id-meta":"","stick-header-meta":"","header-above-stick-meta":"","header-main-stick-meta":"","header-below-stick-meta":""},"_links":{"self":[{"href":"https:\/\/www.teleland.pl\/index.php\/wp-json\/wp\/v2\/pages\/1061"}],"collection":[{"href":"https:\/\/www.teleland.pl\/index.php\/wp-json\/wp\/v2\/pages"}],"about":[{"href":"https:\/\/www.teleland.pl\/index.php\/wp-json\/wp\/v2\/types\/page"}],"author":[{"embeddable":true,"href":"https:\/\/www.teleland.pl\/index.php\/wp-json\/wp\/v2\/users\/1"}],"replies":[{"embeddable":true,"href":"https:\/\/www.teleland.pl\/index.php\/wp-json\/wp\/v2\/comments?post=1061"}],"version-history":[{"count":14,"href":"https:\/\/www.teleland.pl\/index.php\/wp-json\/wp\/v2\/pages\/1061\/revisions"}],"predecessor-version":[{"id":1413,"href":"https:\/\/www.teleland.pl\/index.php\/wp-json\/wp\/v2\/pages\/1061\/revisions\/1413"}],"wp:attachment":[{"href":"https:\/\/www.teleland.pl\/index.php\/wp-json\/wp\/v2\/media?parent=1061"}],"curies":[{"name":"wp","href":"https:\/\/api.w.org\/{rel}","templated":true}]}}